{"id":9,"date":"2023-01-10T11:47:50","date_gmt":"2023-01-10T11:47:50","guid":{"rendered":"https:\/\/saudarastudio.com\/?page_id=9"},"modified":"2023-09-14T10:48:02","modified_gmt":"2023-09-14T10:48:02","slug":"home","status":"publish","type":"page","link":"https:\/\/saudarastudio.com\/","title":{"rendered":"Home"},"content":{"rendered":"<section class=\"wpb-content-wrapper\"><p>[vc_row css_animation=&#8221;&#8221; row_type=&#8221;row&#8221; use_row_as_full_screen_section=&#8221;no&#8221; type=&#8221;full_width&#8221; angled_section=&#8221;no&#8221; text_align=&#8221;center&#8221; background_image_as_pattern=&#8221;without_pattern&#8221; z_index=&#8221;&#8221; css=&#8221;.vc_custom_1674216262749{margin-right: 5px !important;margin-left: 5px !important;}&#8221;][vc_column offset=&#8221;vc_hidden-lg vc_hidden-md&#8221;][vc_single_image image=&#8221;149&#8243; img_size=&#8221;full&#8221; qode_css_animation=&#8221;element_from_right&#8221;][vc_empty_space height=&#8221;30px&#8221;][vc_column_text]<\/p>\n<h1 style=\"text-align: left;\">Junts portarem la imatge de la teva empresa al <strong>seg\u00fcent nivell<\/strong>.<\/h1>\n<p>[\/vc_column_text][vc_empty_space height=&#8221;30px&#8221;]<div class=\"qode_vertical_separator\" style=\"height: 60px;width: 1px;background-color: #7f7f7f\">\n<\/div>[vc_empty_space height=&#8221;30px&#8221;][vc_column_text]<\/p>\n<h3 style=\"text-align: right;\">Som <strong>Saudara Studio<\/strong>, una ag\u00e8ncia de comunicaci\u00f3 jove, din\u00e0mica i amb experi\u00e8ncia.<\/h3>\n<p>[\/vc_column_text][vc_empty_space height=&#8221;30px&#8221;][vc_separator type=&#8221;normal&#8221;][vc_empty_space height=&#8221;30px&#8221;][vc_single_image image=&#8221;152&#8243; img_size=&#8221;full&#8221; qode_css_animation=&#8221;element_from_left&#8221;][vc_empty_space height=&#8221;30px&#8221;][vc_row_inner row_type=&#8221;row&#8221; type=&#8221;full_width&#8221; text_align=&#8221;left&#8221; css_animation=&#8221;&#8221; css=&#8221;.vc_custom_1674216686692{margin-right: 25px !important;margin-left: 25px !important;}&#8221;][vc_column_inner][qode_content_slider auto_rotate=&#8221;0&#8243; direction_nav=&#8221;yes&#8221;][qode_content_slider_item][vc_single_image image=&#8221;64&#8243; img_size=&#8221;full&#8221; qode_css_animation=&#8221;&#8221; qode_hover_animation=&#8221;zoom_in&#8221;][vc_empty_space height=&#8221;30px&#8221;][vc_column_text]<\/p>\n<p style=\"text-align: center;\">Escoltem <strong>atentament<\/strong> les teves necessitats.<\/p>\n<p>[\/vc_column_text][\/qode_content_slider_item][qode_content_slider_item][vc_single_image image=&#8221;63&#8243; img_size=&#8221;full&#8221; qode_css_animation=&#8221;&#8221; qode_hover_animation=&#8221;zoom_in&#8221;][vc_empty_space height=&#8221;30px&#8221;][vc_column_text]<\/p>\n<p style=\"text-align: center;\">Desenvolupem un <strong>pla estrat\u00e8gic<\/strong> fabul\u00f3s.<\/p>\n<p>[\/vc_column_text][\/qode_content_slider_item][qode_content_slider_item][vc_single_image image=&#8221;65&#8243; img_size=&#8221;full&#8221; qode_css_animation=&#8221;&#8221; qode_hover_animation=&#8221;zoom_in&#8221;][vc_empty_space height=&#8221;30px&#8221;][vc_column_text]<\/p>\n<p style=\"text-align: center;\">Duem a terme les diferents <strong>accions<\/strong>.<\/p>\n<p>[\/vc_column_text][\/qode_content_slider_item][qode_content_slider_item][vc_single_image image=&#8221;62&#8243; img_size=&#8221;full&#8221; qode_css_animation=&#8221;&#8221; qode_hover_animation=&#8221;zoom_in&#8221;][vc_empty_space height=&#8221;30px&#8221;][vc_column_text]<\/p>\n<p style=\"text-align: center;\">Junts <strong>gaudim<\/strong> de la feina ben feta.<\/p>\n<p>[\/vc_column_text][\/qode_content_slider_item][\/qode_content_slider][vc_empty_space height=&#8221;30px&#8221;][\/vc_column_inner][\/vc_row_inner][vc_separator type=&#8221;normal&#8221;][vc_empty_space height=&#8221;30px&#8221;][vc_single_image image=&#8221;150&#8243; img_size=&#8221;full&#8221; qode_css_animation=&#8221;element_from_left&#8221;][vc_empty_space height=&#8221;30px&#8221;][vc_column_text]<\/p>\n<h3 style=\"text-align: left;\">T\u2019oferim diferents <strong>serveis<\/strong> que et portaran a millorar la comunicaci\u00f3 de la teva empresa.<\/h3>\n<p>[\/vc_column_text][vc_empty_space height=&#8221;30px&#8221;]<div class=\"qode_vertical_separator\" style=\"height: 60px;width: 1px;background-color: #7f7f7f\">\n<\/div>[vc_empty_space height=&#8221;30px&#8221;][qode_content_slider auto_rotate=&#8221;0&#8243; direction_nav=&#8221;yes&#8221;][qode_content_slider_item][vc_single_image image=&#8221;158&#8243; img_size=&#8221;full&#8221; qode_css_animation=&#8221;element_from_bottom&#8221; qode_hover_animation=&#8221;zoom_in&#8221;][vc_empty_space height=&#8221;30px&#8221;][vc_column_text]<\/p>\n<p style=\"text-align: center;\">Disseny Gr\u00e0fic<\/p>\n<p>[\/vc_column_text][\/qode_content_slider_item][qode_content_slider_item][vc_single_image image=&#8221;154&#8243; img_size=&#8221;full&#8221; qode_css_animation=&#8221;element_from_bottom&#8221; qode_hover_animation=&#8221;zoom_in&#8221;][vc_empty_space height=&#8221;30px&#8221;][vc_column_text]<\/p>\n<p style=\"text-align: center;\">P\u00e0gines Web<\/p>\n<p>[\/vc_column_text][\/qode_content_slider_item][qode_content_slider_item][vc_single_image image=&#8221;155&#8243; img_size=&#8221;full&#8221; qode_css_animation=&#8221;element_from_bottom&#8221; qode_hover_animation=&#8221;zoom_in&#8221;][vc_empty_space height=&#8221;30px&#8221;][vc_column_text]<\/p>\n<p style=\"text-align: center;\">Marketing Digital<\/p>\n<p>[\/vc_column_text][\/qode_content_slider_item][qode_content_slider_item][vc_single_image image=&#8221;156&#8243; img_size=&#8221;full&#8221; qode_css_animation=&#8221;element_from_bottom&#8221; qode_hover_animation=&#8221;zoom_in&#8221;][vc_empty_space height=&#8221;30px&#8221;][vc_column_text]<\/p>\n<p style=\"text-align: center;\">Audiovisuals<\/p>\n<p>[\/vc_column_text][\/qode_content_slider_item][qode_content_slider_item][vc_single_image image=&#8221;157&#8243; img_size=&#8221;full&#8221; qode_css_animation=&#8221;element_from_bottom&#8221; qode_hover_animation=&#8221;zoom_in&#8221;][vc_empty_space height=&#8221;30px&#8221;][vc_column_text]<\/p>\n<p style=\"text-align: center;\">Muralisme<\/p>\n<p>[\/vc_column_text][\/qode_content_slider_item][\/qode_content_slider][vc_empty_space height=&#8221;30px&#8221;]<a  itemprop=\"url\" href=\"http:\/\/saudarastudio.com\/wp-content\/uploads\/2023\/09\/Serveis-Saudara.pdf\" target=\"_blank\"  class=\"qbutton  default\" style=\"\">Veure Serveis<\/a>[vc_empty_space height=&#8221;30px&#8221;][vc_separator type=&#8221;normal&#8221;][vc_empty_space height=&#8221;30px&#8221;][vc_single_image image=&#8221;151&#8243; img_size=&#8221;full&#8221; qode_css_animation=&#8221;element_from_right&#8221;][vc_empty_space height=&#8221;30px&#8221;][vc_column_text]<\/p>\n<h3 style=\"text-align: right;\">Us deixem un tastet de diferents accions realitzades per <strong>Saudara Studio<\/strong> els \u00faltims mesos.<\/h3>\n<p>[\/vc_column_text][vc_empty_space height=&#8221;30px&#8221;]<div class=\"qode_vertical_separator\" style=\"height: 60px;width: 1px;background-color: #7f7f7f\">\n<\/div>[vc_empty_space height=&#8221;30px&#8221;][vc_gallery type=&#8221;flexslider_slide&#8221; interval=&#8221;5&#8243; images=&#8221;189,187,188,193,192,194,191,190&#8243; img_size=&#8221;full&#8221;][vc_empty_space height=&#8221;30px&#8221;][vc_single_image image=&#8221;144&#8243; img_size=&#8221;full&#8221; qode_css_animation=&#8221;element_from_left&#8221;][vc_empty_space height=&#8221;30px&#8221;][vc_column_text]<\/p>\n<h3 style=\"text-align: right;\">\u00c9s l&#8217;hora de la veritat, posa&#8217;t en contacte amb nosaltres i junts arrancarem un projecte <strong>\u00fanic<\/strong>.<\/h3>\n<p>[\/vc_column_text][vc_empty_space height=&#8221;30px&#8221;][vc_column_text]<\/p>\n<p style=\"text-align: right;\"><strong>T.<\/strong> 652 934 274<\/p>\n<p style=\"text-align: right;\"><strong>M.<\/strong> marc.girbau@saudarastudio.com<\/p>\n<p>[\/vc_column_text][vc_empty_space height=&#8221;30px&#8221;][vc_single_image image=&#8221;106&#8243; img_size=&#8221;full&#8221; qode_css_animation=&#8221;element_from_right&#8221;][vc_empty_space height=&#8221;30px&#8221;][vc_column_text]<\/p>\n<p style=\"text-align: right; font-size: 15px;\">Tots els drets reservats. Saudara Studio \u00a9<\/p>\n<p>[\/vc_column_text][vc_empty_space height=&#8221;30px&#8221;][\/vc_column][\/vc_row][vc_row css_animation=&#8221;&#8221; row_type=&#8221;row&#8221; use_row_as_full_screen_section=&#8221;no&#8221; type=&#8221;grid&#8221; angled_section=&#8221;no&#8221; text_align=&#8221;right&#8221; background_image_as_pattern=&#8221;without_pattern&#8221; z_index=&#8221;&#8221;][vc_column width=&#8221;1\/3&#8243; offset=&#8221;vc_hidden-sm vc_hidden-xs&#8221;][vc_column_text]<\/p>\n<h1 style=\"text-align: right;\">Junts portarem la imatge de la teva empresa al <strong>seg\u00fcent nivell<\/strong>.<\/h1>\n<p>[\/vc_column_text][vc_empty_space height=&#8221;30px&#8221;]<div class=\"qode_vertical_separator\" style=\"height: 60px;width: 1px;background-color: #7f7f7f\">\n<\/div>[vc_empty_space height=&#8221;30px&#8221;][vc_column_text]<\/p>\n<h3 style=\"text-align: right;\">Som <strong>Saudara Studio<\/strong>, una ag\u00e8ncia de comunicaci\u00f3 jove, din\u00e0mica i amb experi\u00e8ncia.<\/h3>\n<p>[\/vc_column_text][vc_empty_space height=&#8221;30px&#8221;][vc_separator type=&#8221;normal&#8221;][vc_empty_space height=&#8221;30px&#8221;][\/vc_column][vc_column width=&#8221;2\/3&#8243; offset=&#8221;vc_hidden-sm vc_hidden-xs&#8221;][vc_single_image image=&#8221;60&#8243; img_size=&#8221;full&#8221; qode_css_animation=&#8221;element_from_right&#8221;][vc_empty_space height=&#8221;30px&#8221;][vc_empty_space height=&#8221;30px&#8221;][\/vc_column][\/vc_row][vc_row css_animation=&#8221;&#8221; row_type=&#8221;row&#8221; use_row_as_full_screen_section=&#8221;no&#8221; type=&#8221;grid&#8221; angled_section=&#8221;no&#8221; text_align=&#8221;left&#8221; background_image_as_pattern=&#8221;without_pattern&#8221; z_index=&#8221;&#8221;][vc_column width=&#8221;1\/4&#8243; offset=&#8221;vc_hidden-sm vc_hidden-xs&#8221;][vc_single_image image=&#8221;112&#8243; img_size=&#8221;full&#8221; qode_css_animation=&#8221;element_from_left&#8221;][vc_empty_space height=&#8221;30px&#8221;][\/vc_column][vc_column width=&#8221;3\/4&#8243; offset=&#8221;vc_hidden-sm vc_hidden-xs&#8221;][vc_row_inner row_type=&#8221;row&#8221; type=&#8221;full_width&#8221; text_align=&#8221;left&#8221; css_animation=&#8221;&#8221;][vc_column_inner width=&#8221;1\/4&#8243;][vc_single_image image=&#8221;64&#8243; img_size=&#8221;full&#8221; qode_css_animation=&#8221;&#8221; qode_hover_animation=&#8221;zoom_in&#8221;][vc_empty_space height=&#8221;30px&#8221;][vc_column_text]Escoltem <strong>atentament<\/strong> les teves necessitats.[\/vc_column_text][vc_empty_space height=&#8221;30px&#8221;][\/vc_column_inner][vc_column_inner width=&#8221;1\/4&#8243;][vc_single_image image=&#8221;63&#8243; img_size=&#8221;full&#8221; qode_css_animation=&#8221;&#8221; qode_hover_animation=&#8221;zoom_in&#8221;][vc_empty_space height=&#8221;30px&#8221;][vc_column_text]Desenvolupem un <strong>pla estrat\u00e8gic<\/strong> fabul\u00f3s.[\/vc_column_text][vc_empty_space height=&#8221;30px&#8221;][\/vc_column_inner][vc_column_inner width=&#8221;1\/4&#8243;][vc_single_image image=&#8221;65&#8243; img_size=&#8221;full&#8221; qode_css_animation=&#8221;&#8221; qode_hover_animation=&#8221;zoom_in&#8221;][vc_empty_space height=&#8221;30px&#8221;][vc_column_text]Duem a terme les diferents <strong>accions<\/strong>.[\/vc_column_text][vc_empty_space height=&#8221;30px&#8221;][\/vc_column_inner][vc_column_inner width=&#8221;1\/4&#8243;][vc_single_image image=&#8221;62&#8243; img_size=&#8221;full&#8221; qode_css_animation=&#8221;&#8221; qode_hover_animation=&#8221;zoom_in&#8221;][vc_empty_space height=&#8221;30px&#8221;][vc_column_text]Junts <strong>gaudim<\/strong> de la feina ben feta.[\/vc_column_text][vc_empty_space height=&#8221;30px&#8221;][\/vc_column_inner][\/vc_row_inner][vc_separator type=&#8221;normal&#8221;][vc_empty_space height=&#8221;30px&#8221;][\/vc_column][\/vc_row][vc_row css_animation=&#8221;&#8221; row_type=&#8221;row&#8221; use_row_as_full_screen_section=&#8221;no&#8221; type=&#8221;grid&#8221; angled_section=&#8221;no&#8221; text_align=&#8221;right&#8221; background_image_as_pattern=&#8221;without_pattern&#8221; z_index=&#8221;&#8221;][vc_column width=&#8221;3\/4&#8243; offset=&#8221;vc_hidden-sm vc_hidden-xs&#8221;][vc_row_inner row_type=&#8221;row&#8221; type=&#8221;full_width&#8221; text_align=&#8221;left&#8221; css_animation=&#8221;&#8221;][vc_column_inner width=&#8221;1\/5&#8243;][vc_empty_space height=&#8221;30px&#8221;][vc_empty_space height=&#8221;30px&#8221;][vc_empty_space height=&#8221;30px&#8221;][vc_empty_space height=&#8221;30px&#8221;][vc_single_image image=&#8221;71&#8243; img_size=&#8221;full&#8221; qode_css_animation=&#8221;element_from_bottom&#8221; qode_hover_animation=&#8221;zoom_in&#8221;][vc_empty_space height=&#8221;15px&#8221;][vc_column_text]<\/p>\n<p style=\"text-align: right;\">Disseny Gr\u00e0fic<\/p>\n<p>[\/vc_column_text][vc_empty_space height=&#8221;30px&#8221;][\/vc_column_inner][vc_column_inner width=&#8221;1\/5&#8243;][vc_empty_space height=&#8221;30px&#8221;][vc_empty_space height=&#8221;30px&#8221;][vc_empty_space height=&#8221;30px&#8221;][vc_single_image image=&#8221;70&#8243; img_size=&#8221;full&#8221; qode_css_animation=&#8221;element_from_bottom&#8221; qode_hover_animation=&#8221;zoom_in&#8221;][vc_empty_space height=&#8221;15px&#8221;][vc_column_text]<\/p>\n<p style=\"text-align: right;\">P\u00e0gines Web<\/p>\n<p>[\/vc_column_text][vc_empty_space height=&#8221;30px&#8221;][\/vc_column_inner][vc_column_inner width=&#8221;1\/5&#8243;][vc_empty_space height=&#8221;30px&#8221;][vc_empty_space height=&#8221;30px&#8221;][vc_single_image image=&#8221;69&#8243; img_size=&#8221;full&#8221; qode_css_animation=&#8221;element_from_bottom&#8221; qode_hover_animation=&#8221;zoom_in&#8221;][vc_empty_space height=&#8221;15px&#8221;][vc_column_text]<\/p>\n<p style=\"text-align: right;\">Marketing Digital<\/p>\n<p>[\/vc_column_text][vc_empty_space height=&#8221;30px&#8221;][\/vc_column_inner][vc_column_inner width=&#8221;1\/5&#8243;][vc_empty_space height=&#8221;30px&#8221;][vc_single_image image=&#8221;68&#8243; img_size=&#8221;full&#8221; qode_css_animation=&#8221;element_from_bottom&#8221; qode_hover_animation=&#8221;zoom_in&#8221;][vc_empty_space height=&#8221;15px&#8221;][vc_column_text]<\/p>\n<p style=\"text-align: right;\">Audiovisuals<\/p>\n<p>[\/vc_column_text][vc_empty_space height=&#8221;30px&#8221;][\/vc_column_inner][vc_column_inner width=&#8221;1\/5&#8243;][vc_single_image image=&#8221;67&#8243; img_size=&#8221;full&#8221; qode_css_animation=&#8221;element_from_bottom&#8221; qode_hover_animation=&#8221;zoom_in&#8221;][vc_empty_space height=&#8221;15px&#8221;][vc_column_text]<\/p>\n<p style=\"text-align: right;\">Muralisme<\/p>\n<p>[\/vc_column_text][vc_empty_space height=&#8221;30px&#8221;][\/vc_column_inner][\/vc_row_inner][vc_row_inner row_type=&#8221;row&#8221; type=&#8221;full_width&#8221; text_align=&#8221;left&#8221; css_animation=&#8221;&#8221;][vc_column_inner width=&#8221;1\/3&#8243;]<a  itemprop=\"url\" href=\"http:\/\/saudarastudio.com\/wp-content\/uploads\/2023\/09\/Serveis-Saudara.pdf\" target=\"_blank\"  class=\"qbutton  default\" style=\"\">Veure Serveis<\/a>[\/vc_column_inner][vc_column_inner width=&#8221;2\/3&#8243;][vc_separator type=&#8221;normal&#8221;][\/vc_column_inner][\/vc_row_inner][vc_empty_space height=&#8221;30px&#8221;][\/vc_column][vc_column width=&#8221;1\/4&#8243; offset=&#8221;vc_hidden-sm vc_hidden-xs&#8221;][vc_empty_space height=&#8221;30px&#8221;][vc_empty_space height=&#8221;15px&#8221;][vc_empty_space height=&#8221;30px&#8221;][vc_single_image image=&#8221;42&#8243; img_size=&#8221;full&#8221; qode_css_animation=&#8221;element_from_left&#8221;]<div class=\"qode_vertical_separator\" style=\"height: 60px;width: 1px;background-color: #7f7f7f\">\n<\/div>[vc_empty_space height=&#8221;30px&#8221;][vc_column_text]<\/p>\n<h3>T\u2019oferim diferents <strong>serveis<\/strong> que et portaran a millorar la comunicaci\u00f3 de la teva empresa.<\/h3>\n<p>[\/vc_column_text][vc_empty_space height=&#8221;30px&#8221;][\/vc_column][\/vc_row][vc_row css_animation=&#8221;&#8221; row_type=&#8221;row&#8221; use_row_as_full_screen_section=&#8221;no&#8221; type=&#8221;grid&#8221; angled_section=&#8221;no&#8221; text_align=&#8221;right&#8221; background_image_as_pattern=&#8221;without_pattern&#8221; z_index=&#8221;&#8221;][vc_column width=&#8221;1\/4&#8243; offset=&#8221;vc_hidden-sm vc_hidden-xs&#8221;][vc_column_text]<\/p>\n<h3>Us deixem un tastet de diferents accions realitzades per <strong>Saudara Studio<\/strong> els \u00faltims mesos.<\/h3>\n<p>[\/vc_column_text][vc_empty_space height=&#8221;30px&#8221;][\/vc_column][vc_column width=&#8221;3\/4&#8243; offset=&#8221;vc_hidden-sm vc_hidden-xs&#8221;][vc_single_image image=&#8221;91&#8243; img_size=&#8221;full&#8221; qode_css_animation=&#8221;element_from_right&#8221;][vc_empty_space height=&#8221;30px&#8221;][\/vc_column][\/vc_row][vc_row css_animation=&#8221;&#8221; row_type=&#8221;row&#8221; use_row_as_full_screen_section=&#8221;no&#8221; type=&#8221;grid&#8221; angled_section=&#8221;no&#8221; text_align=&#8221;left&#8221; background_image_as_pattern=&#8221;without_pattern&#8221; z_index=&#8221;&#8221;][vc_column][vc_gallery type=&#8221;flexslider_slide&#8221; interval=&#8221;5&#8243; images=&#8221;189,187,188,193,192,194,191,190&#8243; img_size=&#8221;full&#8221;][\/vc_column][\/vc_row][vc_row css_animation=&#8221;&#8221; row_type=&#8221;row&#8221; use_row_as_full_screen_section=&#8221;no&#8221; type=&#8221;grid&#8221; angled_section=&#8221;no&#8221; text_align=&#8221;left&#8221; background_image_as_pattern=&#8221;without_pattern&#8221; z_index=&#8221;&#8221;][vc_column width=&#8221;1\/2&#8243; offset=&#8221;vc_hidden-sm vc_hidden-xs&#8221;][vc_single_image image=&#8221;110&#8243; img_size=&#8221;full&#8221; qode_css_animation=&#8221;element_from_left&#8221;][vc_empty_space height=&#8221;30px&#8221;][vc_row_inner row_type=&#8221;row&#8221; type=&#8221;full_width&#8221; text_align=&#8221;left&#8221; css_animation=&#8221;&#8221;][vc_column_inner width=&#8221;1\/2&#8243;][\/vc_column_inner][vc_column_inner width=&#8221;1\/2&#8243;][vc_column_text]<\/p>\n<h3 style=\"text-align: right;\">\u00c9s l&#8217;hora de la veritat, posa&#8217;t en contacte amb nosaltres i junts arrancarem un projecte <strong>\u00fanic<\/strong>.<\/h3>\n<p>[\/vc_column_text][\/vc_column_inner][\/vc_row_inner][vc_empty_space height=&#8221;30px&#8221;][vc_column_text]<\/p>\n<p style=\"text-align: right;\"><strong>T.<\/strong> 652 934 274<\/p>\n<p style=\"text-align: right;\"><strong>M.<\/strong> marc.girbau@saudarastudio.com<\/p>\n<p>[\/vc_column_text][\/vc_column][vc_column width=&#8221;1\/2&#8243; offset=&#8221;vc_hidden-sm vc_hidden-xs&#8221;][vc_empty_space height=&#8221;30px&#8221;][vc_empty_space height=&#8221;30px&#8221;][vc_empty_space height=&#8221;30px&#8221;][vc_single_image image=&#8221;106&#8243; img_size=&#8221;full&#8221; qode_css_animation=&#8221;element_from_right&#8221;][vc_column_text]<\/p>\n<p style=\"text-align: right; font-size: 15px;\">Tots els drets reservats. Saudara Studio \u00a9<\/p>\n<p>[\/vc_column_text][vc_empty_space height=&#8221;30px&#8221;][\/vc_column][\/vc_row][vc_row css_animation=&#8221;&#8221; row_type=&#8221;row&#8221; use_row_as_full_screen_section=&#8221;no&#8221; type=&#8221;grid&#8221; angled_section=&#8221;no&#8221; text_align=&#8221;left&#8221; background_image_as_pattern=&#8221;without_pattern&#8221; z_index=&#8221;&#8221;][vc_column offset=&#8221;vc_hidden-sm vc_hidden-xs&#8221;][vc_separator type=&#8221;normal&#8221;][\/vc_column][\/vc_row]<\/p>\n<\/section>","protected":false},"excerpt":{"rendered":"<p>[vc_row css_animation=&#8221;&#8221; row_type=&#8221;row&#8221; use_row_as_full_screen_section=&#8221;no&#8221; type=&#8221;full_width&#8221; angled_section=&#8221;no&#8221; text_align=&#8221;center&#8221; background_image_as_pattern=&#8221;without_pattern&#8221; z_index=&#8221;&#8221; css=&#8221;.vc_custom_1674216262749{margin-right: 5px !important;margin-left: 5px !important;}&#8221;][vc_column offset=&#8221;vc_hidden-lg vc_hidden-md&#8221;][vc_single_image image=&#8221;149&#8243; img_size=&#8221;full&#8221; qode_css_animation=&#8221;element_from_right&#8221;][vc_empty_space height=&#8221;30px&#8221;][vc_column_text] Junts portarem la imatge de la teva empresa al seg\u00fcent nivell. [\/vc_column_text][vc_empty_space height=&#8221;30px&#8221;][vc_empty_space height=&#8221;30px&#8221;][vc_column_text] Som Saudara Studio, una ag\u00e8ncia de comunicaci\u00f3 jove, din\u00e0mica i amb&#8230;<\/p>\n","protected":false},"author":1,"featured_media":0,"parent":0,"menu_order":0,"comment_status":"closed","ping_status":"closed","template":"full_width.php","meta":{"_monsterinsights_skip_tracking":false,"_monsterinsights_sitenote_active":false,"_monsterinsights_sitenote_note":"","_monsterinsights_sitenote_category":0},"aioseo_notices":[],"_links":{"self":[{"href":"https:\/\/saudarastudio.com\/index.php\/wp-json\/wp\/v2\/pages\/9"}],"collection":[{"href":"https:\/\/saudarastudio.com\/index.php\/wp-json\/wp\/v2\/pages"}],"about":[{"href":"https:\/\/saudarastudio.com\/index.php\/wp-json\/wp\/v2\/types\/page"}],"author":[{"embeddable":true,"href":"https:\/\/saudarastudio.com\/index.php\/wp-json\/wp\/v2\/users\/1"}],"replies":[{"embeddable":true,"href":"https:\/\/saudarastudio.com\/index.php\/wp-json\/wp\/v2\/comments?post=9"}],"version-history":[{"count":96,"href":"https:\/\/saudarastudio.com\/index.php\/wp-json\/wp\/v2\/pages\/9\/revisions"}],"predecessor-version":[{"id":200,"href":"https:\/\/saudarastudio.com\/index.php\/wp-json\/wp\/v2\/pages\/9\/revisions\/200"}],"wp:attachment":[{"href":"https:\/\/saudarastudio.com\/index.php\/wp-json\/wp\/v2\/media?parent=9"}],"curies":[{"name":"wp","href":"https:\/\/api.w.org\/{rel}","templated":true}]}}